{"id":44,"date":"2023-04-01T14:27:37","date_gmt":"2023-04-01T14:27:37","guid":{"rendered":"http:\/\/162.212.155.172\/?page_id=44"},"modified":"2023-04-01T14:27:37","modified_gmt":"2023-04-01T14:27:37","slug":"olika-spelformer","status":"publish","type":"page","link":"https:\/\/jkwordfeud.com\/?page_id=44","title":{"rendered":"Olika Spelformer"},"content":{"rendered":"\n<h2 class=\"wp-block-heading has-large-font-size\" style=\"font-style:normal;font-weight:300\">Standard ordlista:&nbsp;samtliga ord i SAOL inklusive b\u00f6jningar.<\/h2>\n\n\n\n<h2 class=\"wp-block-heading has-large-font-size\" style=\"font-style:normal;font-weight:300\">Strikt ordlista:&nbsp;samtliga ord i SAOL.<\/h2>\n\n\n\n<h2 class=\"wp-block-heading has-large-font-size\" style=\"font-style:normal;font-weight:300\">Normalt br\u00e4de:&nbsp;alla po\u00e4ngbrickor ligger p\u00e5 f\u00f6rutbest\u00e4md plats.<\/h2>\n\n\n\n<h2 class=\"wp-block-heading has-large-font-size\" style=\"font-style:normal;font-weight:300\">Random br\u00e4de:&nbsp;alla po\u00e4ngbrickor ligger slumpvis utlagda.<\/h2>\n\n\n\n<h2 class=\"wp-block-heading has-large-font-size\" style=\"font-style:normal;font-weight:300\">Rullning:&nbsp;samtliga sju bokst\u00e4ver l\u00e4ggs.<\/h2>\n\n\n\n<h2 class=\"wp-block-heading has-large-font-size\" style=\"font-style:normal;font-weight:300\">Double Elimination:&nbsp;f\u00f6rlorar man en match f\u00e5r man en ny chans till titeln via en f\u00f6rlorarrunda.<\/h2>\n\n\n\n<h2 class=\"wp-block-heading has-large-font-size\" style=\"font-style:normal;font-weight:300\">Your Choice Cup:&nbsp;dubbelm\u00f6te d\u00e4r spelarna bjuder in till varsin match i valfri spelform.<\/h2>\n\n\n\n<h2 class=\"wp-block-heading has-large-font-size\" style=\"font-style:normal;font-weight:300\">Champions League:&nbsp;Turnering som ger po\u00e4ng vid vinster och sammanst\u00e4lls m\u00e5nadsvis f\u00f6r att utse en vinnare vid \u00e5rets slut.<\/h2>\n\n\n\n<h2 class=\"wp-block-heading has-large-font-size\" style=\"font-style:normal;font-weight:300\">3-brick (utan rull):&nbsp;1,2 eller 3 brickor f\u00e5r l\u00e4ggas varje drag. L\u00e4ggs fler av misstag s\u00e5 inneb\u00e4r det po\u00e4ngavdrag p\u00e5 50 po\u00e4ng plus de po\u00e4ng det lagda ordet gav.<\/h2>\n\n\n\n<h2 class=\"wp-block-heading has-large-font-size\" style=\"font-style:normal;font-weight:300\">Trebricksrull:&nbsp;samma som ovan men h\u00e4r f\u00e5r man \u00e4ven rulla (l\u00e4gga samtliga sju brickor) utan att f\u00e5 po\u00e4ngavdrag.<\/h2>\n\n\n\n<h2 class=\"wp-block-heading has-large-font-size\" style=\"font-style:normal;font-weight:300\">Parcup:&nbsp;cup best\u00e5ende av lag med tv\u00e5 spelare.<\/h2>\n\n\n\n<h2 class=\"wp-block-heading has-large-font-size\" style=\"font-style:normal;font-weight:300\">M\u00e5nadens \u00f6nskem\u00e5l:&nbsp;cup som anordnas efter era \u00f6nskem\u00e5l.<\/h2>\n\n\n\n<h2 class=\"wp-block-heading has-large-font-size\" style=\"font-style:normal;font-weight:300\">Deadline:&nbsp;sista tid f\u00f6r rapportering av resultat i en cup. Missad deadline inneb\u00e4r strykning av spelare.<\/h2>\n","protected":false},"excerpt":{"rendered":"<p>Standard ordlista:&nbsp;samtliga ord i SAOL inklusive b\u00f6jningar. Strikt ordlista:&nbsp;samtliga ord i SAOL. Normalt br\u00e4de:&nbsp;alla po\u00e4ngbrickor ligger p\u00e5 f\u00f6rutbest\u00e4md plats. Random br\u00e4de:&nbsp;alla po\u00e4ngbrickor ligger slumpvis utlagda. Rullning:&nbsp;samtliga sju bokst\u00e4ver l\u00e4ggs. Double Elimination:&nbsp;f\u00f6rlorar man en match f\u00e5r man en ny chans till titeln via en f\u00f6rlorarrunda. Your Choice Cup:&nbsp;dubbelm\u00f6te d\u00e4r spelarna bjuder in till varsin match i [&hellip;]<\/p>\n","protected":false},"author":1,"featured_media":0,"parent":0,"menu_order":0,"comment_status":"closed","ping_status":"closed","template":"","meta":{"om_disable_all_campaigns":false,"_monsterinsights_skip_tracking":false,"_monsterinsights_sitenote_active":false,"_monsterinsights_sitenote_note":"","_monsterinsights_sitenote_category":0,"footnotes":""},"class_list":["post-44","page","type-page","status-publish","hentry"],"aioseo_notices":[],"_links":{"self":[{"href":"https:\/\/jkwordfeud.com\/index.php?rest_route=\/wp\/v2\/pages\/44","targetHints":{"allow":["GET"]}}],"collection":[{"href":"https:\/\/jkwordfeud.com\/index.php?rest_route=\/wp\/v2\/pages"}],"about":[{"href":"https:\/\/jkwordfeud.com\/index.php?rest_route=\/wp\/v2\/types\/page"}],"author":[{"embeddable":true,"href":"https:\/\/jkwordfeud.com\/index.php?rest_route=\/wp\/v2\/users\/1"}],"replies":[{"embeddable":true,"href":"https:\/\/jkwordfeud.com\/index.php?rest_route=%2Fwp%2Fv2%2Fcomments&post=44"}],"version-history":[{"count":1,"href":"https:\/\/jkwordfeud.com\/index.php?rest_route=\/wp\/v2\/pages\/44\/revisions"}],"predecessor-version":[{"id":45,"href":"https:\/\/jkwordfeud.com\/index.php?rest_route=\/wp\/v2\/pages\/44\/revisions\/45"}],"wp:attachment":[{"href":"https:\/\/jkwordfeud.com\/index.php?rest_route=%2Fwp%2Fv2%2Fmedia&parent=44"}],"curies":[{"name":"wp","href":"https:\/\/api.w.org\/{rel}","templated":true}]}}